{"id":20424,"date":"2019-02-15T16:30:36","date_gmt":"2019-02-15T15:30:36","guid":{"rendered":"https:\/\/referenzen.mgm-tp.com\/?page_id=20424"},"modified":"2025-02-24T18:24:51","modified_gmt":"2025-02-24T17:24:51","slug":"public-sector","status":"publish","type":"page","link":"https:\/\/referenzen.mgm-tp.com\/en\/public-sector\/","title":{"rendered":"Public Sector"},"content":{"rendered":"<p>[et_pb_section fb_built=&#8221;1&#8243; _builder_version=&#8221;4.16&#8243; custom_padding=&#8221;20px|||&#8221; locked=&#8221;off&#8221; global_colors_info=&#8221;{}&#8221;][et_pb_row _builder_version=&#8221;4.27.4&#8243; background_size=&#8221;initial&#8221; background_position=&#8221;top_left&#8221; background_repeat=&#8221;repeat&#8221; max_width=&#8221;1080px&#8221; custom_margin=&#8221;200px||||false|false&#8221; locked=&#8221;off&#8221; global_colors_info=&#8221;{}&#8221;][et_pb_column type=&#8221;4_4&#8243; _builder_version=&#8221;4.16&#8243; custom_padding=&#8221;|||&#8221; global_colors_info=&#8221;{}&#8221; custom_padding__hover=&#8221;|||&#8221;][et_pb_text admin_label=&#8221;Intro&#8221; _builder_version=&#8221;4.27.4&#8243; text_text_color=&#8221;#020202&#8243; text_font_size=&#8221;0.8rem&#8221; header_text_color=&#8221;#020202&#8243; header_font_size=&#8221;3rem&#8221; custom_margin=&#8221;0px|||&#8221; custom_padding=&#8221;0px|||&#8221; hover_enabled=&#8221;0&#8243; z_index_tablet=&#8221;500&#8243; global_colors_info=&#8221;{}&#8221; sticky_enabled=&#8221;0&#8243;]<\/p>\n<p>mgm technology partners | mgm consulting partners<\/p>\n<h1>Public Sector References<\/h1>\n<p>[\/et_pb_text][\/et_pb_column][\/et_pb_row][\/et_pb_section][et_pb_section fb_built=&#8221;1&#8243; _builder_version=&#8221;4.16&#8243; custom_padding=&#8221;20px|||&#8221; locked=&#8221;off&#8221; global_colors_info=&#8221;{}&#8221;][et_pb_row _builder_version=&#8221;4.16&#8243; max_width=&#8221;1080px&#8221; global_colors_info=&#8221;{}&#8221;][et_pb_column type=&#8221;4_4&#8243; _builder_version=&#8221;4.16&#8243; custom_padding=&#8221;|||&#8221; global_colors_info=&#8221;{}&#8221; custom_padding__hover=&#8221;|||&#8221;][dpdfg_filtergrid custom_query=&#8221;advanced&#8221; multiple_cpt=&#8221;project&#8221; use_taxonomy_terms=&#8221;on&#8221; multiple_taxonomies=&#8221;project_category&#8221; taxonomies_relation=&#8221;AND&#8221; include_terms=&#8221;5&#8243; include_children_terms=&#8221;off&#8221; post_number=&#8221;100&#8243; order=&#8221;ASC&#8221; orderby=&#8221;title&#8221; thumbnail_size=&#8221;300&#215;300&#8243; show_author=&#8221;off&#8221; show_content=&#8221;on&#8221; show_filters=&#8221;off&#8221; show_search=&#8221;on&#8221; _builder_version=&#8221;4.27.4&#8243; _module_preset=&#8221;default&#8221; global_colors_info=&#8221;{}&#8221;][\/dpdfg_filtergrid][\/et_pb_column][\/et_pb_row][\/et_pb_section]<\/p>\n","protected":false},"excerpt":{"rendered":"<p>mgm technology partners | mgm consulting partners Public Sector References<div class=\"et_pb_module dpdfg_filtergrid dpdfg_filtergrid_0\">\n\t\t\t\t\n\t\t\t\t\n\t\t\t\t\n\t\t\t\t\n\t\t\t\t\n\t\t\t\t\n\t\t\t\t<div class=\"et_pb_module_inner\">\n\t\t\t\t\t<!-- DPDFG Start Main Container --><div class=\"dp-dfg-container dp-dfg-layout-grid dp-dfg-skin-default dp-dfg-skin-top-filters\" data-active-filter=\"all\" data-page=\"1\" data-found-posts=\"4\" data-post-number=\"100\" data-default-filter=\"All\" data-link-filter=\"\" data-cache=\"off\" data-ratio=\"1\" data-show-thumb=\"on\" data-action=\"link\" data-new-window=\"off\" data-filters=\"off\" data-date-filters=\"off\" data-multifilter=\"off|OR\" data-multilevel=\"off|AND|off\" data-sorting=\"off\" data-order=\"ASC\" data-orderby=\"title\" data-initorderby=\"title\" data-url-navigation=\"off\" data-url-history=\"on|reload\" data-ajax-filters=\"off\" data-doing-ajax=\"off\" data-module=\"dpdfg_filtergrid_0\" data-search=\"on\" data-search-position=\"above\" data-terms-tags=\"on\" data-pagination=\"on\" data-filter-method=\"default\" data-third-party=\"\" data-lightbox=\"on|||\" data-video-preview=\"off\" data-no-init=\"off\" data-st=\"on\" data-no-results=\"off\"><div class=\"dp-dfg-search\"><input class=\"dp-dfg-search-input search-clean\" type=\"search\" placeholder=\"Search\" value=\"\" aria-label=\"Search\"\/><span class=\"et-pb-icon dp-dfg-search-icon\" data-icon-search=\"&#x55;\" data-icon-clear=\"&#x51;\">&#x55;<\/span><\/div><!-- DPDFG End Search Container --><div class=\"dp-dfg-items\"><article id=\"post-20708\" class=\"dp-dfg-item post-20708 project type-project status-publish has-post-thumbnail hentry project_category-public-sector-en project_tag-mgm-tp-en\"     data-position=\"0\"   data-new-tab=\"off\"   data-action-priority=\"item\"><figure class=\"dp-dfg-image entry-thumb\"><a href=\"https:\/\/referenzen.mgm-tp.com\/en\/project\/bayerisches-landesamt-fuer-steuern-en\/\" class=\"dp-dfg-image-link\" ><img loading=\"lazy\" decoding=\"async\" class=\"dp-dfg-featured-image\" src=\"https:\/\/referenzen.mgm-tp.com\/wp-content\/uploads\/2017\/11\/logoa_blfs-300x300.png\" alt=\"Bayerisches Landesamt f\u00fcr Steuern\" width=\"300\" height=\"300\" data-ratio=\"1\"\/><\/a><\/figure><div class=\"dp-dfg-overlay\"><span class=\"dfg_et_overlay\" ><\/span><\/div><div class=\"dp-dfg-header entry-header\"><h2 class=\"entry-title\">Bayerisches Landesamt f\u00fcr Steuern<\/h2><\/div><div class=\"dp-dfg-meta entry-meta\"><\/div><div class=\"dp-dfg-content entry-summary\">E-government implemented \u2013 Successful implementation of the specific requirements for German e-government portals<\/div><\/article><!-- DPDFG End Post Item Container --><article id=\"post-20571\" class=\"dp-dfg-item post-20571 project type-project status-publish has-post-thumbnail hentry project_category-public-sector-en project_tag-mgm-tp-en\"     data-position=\"1\"   data-new-tab=\"off\"   data-action-priority=\"item\"><figure class=\"dp-dfg-image entry-thumb\"><a href=\"https:\/\/referenzen.mgm-tp.com\/en\/project\/bg-etem-cusa\/\" class=\"dp-dfg-image-link\" ><img loading=\"lazy\" decoding=\"async\" class=\"dp-dfg-featured-image\" src=\"https:\/\/referenzen.mgm-tp.com\/wp-content\/uploads\/2018\/09\/BG_logo_500-300x300.png\" alt=\"BG ETEM CUSA\" width=\"300\" height=\"300\" data-ratio=\"1\"\/><\/a><\/figure><div class=\"dp-dfg-overlay\"><span class=\"dfg_et_overlay\" ><\/span><\/div><div class=\"dp-dfg-header entry-header\"><h2 class=\"entry-title\">BG ETEM CUSA<\/h2><\/div><div class=\"dp-dfg-meta entry-meta\"><\/div><div class=\"dp-dfg-content entry-summary\">Introduction of the procedure CUSA MuB in the C5 technology<\/div><\/article><!-- DPDFG End Post Item Container --><article id=\"post-20595\" class=\"dp-dfg-item post-20595 project type-project status-publish has-post-thumbnail hentry project_category-public-sector-en project_tag-mgm-tp-en\"     data-position=\"2\"   data-new-tab=\"off\"   data-action-priority=\"item\"><figure class=\"dp-dfg-image entry-thumb\"><a href=\"https:\/\/referenzen.mgm-tp.com\/en\/project\/deutsche-rentenversicherung-2\/\" class=\"dp-dfg-image-link\" ><img loading=\"lazy\" decoding=\"async\" class=\"dp-dfg-featured-image\" src=\"https:\/\/referenzen.mgm-tp.com\/wp-content\/uploads\/2018\/09\/DRV_logo_500-300x300.png\" alt=\"Deutsche Rentenversicherung\" width=\"300\" height=\"300\" data-ratio=\"1\"\/><\/a><\/figure><div class=\"dp-dfg-overlay\"><span class=\"dfg_et_overlay\" ><\/span><\/div><div class=\"dp-dfg-header entry-header\"><h2 class=\"entry-title\">Deutsche Rentenversicherung<\/h2><\/div><div class=\"dp-dfg-meta entry-meta\"><\/div><div class=\"dp-dfg-content entry-summary\">Service-oriented innovation of the existing application infrastructure<\/div><\/article><!-- DPDFG End Post Item Container --><article id=\"post-20635\" class=\"dp-dfg-item post-20635 project type-project status-publish has-post-thumbnail hentry project_category-public-sector-en project_tag-mgm-tp-en\"     data-position=\"3\"   data-new-tab=\"off\"   data-action-priority=\"item\"><figure class=\"dp-dfg-image entry-thumb\"><a href=\"https:\/\/referenzen.mgm-tp.com\/en\/project\/mdr-en\/\" class=\"dp-dfg-image-link\" ><img loading=\"lazy\" decoding=\"async\" class=\"dp-dfg-featured-image\" src=\"https:\/\/referenzen.mgm-tp.com\/wp-content\/uploads\/2018\/09\/mdr_logo_500-300x300.png\" alt=\"MDR\" width=\"300\" height=\"300\" data-ratio=\"1\"\/><\/a><\/figure><div class=\"dp-dfg-overlay\"><span class=\"dfg_et_overlay\" ><\/span><\/div><div class=\"dp-dfg-header entry-header\"><h2 class=\"entry-title\">MDR<\/h2><\/div><div class=\"dp-dfg-meta entry-meta\"><\/div><div class=\"dp-dfg-content entry-summary\">Application for the web-based transmission of media files for the radio and television editing department of the Mitteldeutscher Rundfunk<\/div><\/article><!-- DPDFG End Post Item Container --><\/div><div class=\"dp-dfg-announcer screen-reader-text\" aria-live=\"polite\" aria-atomic=\"true\"><\/div><\/div><!-- DPDFG End Main Container --><div class=\"dp-dfg-data dp-dfg-hide\"><div class=\"dp-dfg-ajax-data\" data-ajax=\"{&quot;custom_query&quot;:&quot;advanced&quot;,&quot;support_for&quot;:&quot;sfp&quot;,&quot;sfp_id&quot;:&quot;&quot;,&quot;include_categories&quot;:&quot;&quot;,&quot;current_post_type&quot;:&quot;on&quot;,&quot;multiple_cpt&quot;:&quot;project&quot;,&quot;use_taxonomy_terms&quot;:&quot;on&quot;,&quot;multiple_taxonomies&quot;:&quot;project_category&quot;,&quot;taxonomies_relation&quot;:&quot;AND&quot;,&quot;include_terms&quot;:&quot;5&quot;,&quot;terms_relation&quot;:&quot;IN&quot;,&quot;include_children_terms&quot;:&quot;off&quot;,&quot;exclude_taxonomies&quot;:&quot;category&quot;,&quot;exclude_taxonomies_relation&quot;:&quot;OR&quot;,&quot;exclude_terms&quot;:&quot;&quot;,&quot;meta_query&quot;:&quot;off&quot;,&quot;meta_cf_key&quot;:&quot;&quot;,&quot;meta_cf_value&quot;:&quot;&quot;,&quot;meta_cf_compare&quot;:&quot;Equal To&quot;,&quot;meta_cf_type&quot;:&quot;CHAR&quot;,&quot;related_taxonomies&quot;:&quot;&quot;,&quot;related_criteria&quot;:&quot;one_in_one&quot;,&quot;posts_ids&quot;:&quot;&quot;,&quot;post_number&quot;:&quot;100&quot;,&quot;offset_number&quot;:&quot;0&quot;,&quot;order&quot;:&quot;ASC&quot;,&quot;orderby&quot;:&quot;title&quot;,&quot;meta_key&quot;:&quot;&quot;,&quot;meta_type&quot;:&quot;CHAR&quot;,&quot;show_private&quot;:&quot;off&quot;,&quot;current_author&quot;:&quot;off&quot;,&quot;sticky_posts&quot;:&quot;off&quot;,&quot;remove_current_post&quot;:&quot;off&quot;,&quot;no_results&quot;:&quot;No results found.&quot;,&quot;thumbnail_action&quot;:&quot;link&quot;,&quot;gallery_cf_name&quot;:&quot;&quot;,&quot;lightbox_elements&quot;:&quot;on|||&quot;,&quot;show_thumbnail&quot;:&quot;on&quot;,&quot;thumbnail_size&quot;:&quot;300x300&quot;,&quot;t_alt&quot;:&quot;title&quot;,&quot;use_overlay&quot;:&quot;on&quot;,&quot;show_title&quot;:&quot;on&quot;,&quot;title_link&quot;:&quot;off&quot;,&quot;show_post_meta&quot;:&quot;on&quot;,&quot;meta_separator&quot;:&quot; | &quot;,&quot;show_author&quot;:&quot;off&quot;,&quot;author_prefix_text&quot;:&quot;By &quot;,&quot;show_date&quot;:&quot;off&quot;,&quot;date_format&quot;:&quot;j. F Y&quot;,&quot;show_terms&quot;:&quot;off&quot;,&quot;show_terms_taxonomy&quot;:&quot;category&quot;,&quot;terms_separator&quot;:&quot;,&quot;,&quot;terms_links&quot;:&quot;on&quot;,&quot;show_comments&quot;:&quot;off&quot;,&quot;show_content&quot;:&quot;on&quot;,&quot;content_length&quot;:&quot;excerpt&quot;,&quot;truncate_content&quot;:&quot;120&quot;,&quot;truncate_excerpt&quot;:&quot;off&quot;,&quot;strip_html&quot;:&quot;on&quot;,&quot;action_button&quot;:&quot;off&quot;,&quot;action_button_text&quot;:&quot;Click Action Button&quot;,&quot;read_more&quot;:&quot;off&quot;,&quot;read_more_text&quot;:&quot;Read More&quot;,&quot;read_more_window&quot;:&quot;off&quot;,&quot;show_custom_fields&quot;:&quot;off&quot;,&quot;custom_fields&quot;:&quot;&quot;,&quot;show_custom_content&quot;:&quot;off&quot;,&quot;custom_content_container&quot;:&quot;on&quot;,&quot;custom_url&quot;:&quot;off&quot;,&quot;custom_url_field_name&quot;:&quot;&quot;,&quot;custom_url_target&quot;:&quot;same&quot;,&quot;show_video_preview&quot;:&quot;off&quot;,&quot;video_module&quot;:&quot;off&quot;,&quot;video_action&quot;:&quot;play&quot;,&quot;video_action_priority&quot;:&quot;on&quot;,&quot;video_overlay&quot;:&quot;on&quot;,&quot;video_overlay_icon&quot;:&quot;on&quot;,&quot;video_icon&quot;:&quot;%%40%%&quot;,&quot;video_icon_color&quot;:&quot;#ffffff&quot;,&quot;video_overlay_color&quot;:&quot;rgba(0,0,0,0.6)&quot;,&quot;show_filters&quot;:&quot;off&quot;,&quot;multilevel&quot;:&quot;off&quot;,&quot;multilevel_hierarchy&quot;:&quot;off&quot;,&quot;multilevel_hierarchy_tax&quot;:&quot;[{\\&quot;name\\&quot;:\\&quot;category\\&quot;,\\&quot;label\\&quot;:\\&quot;\\&quot;,\\&quot;all\\&quot;:\\&quot;\\&quot;}]&quot;,&quot;multilevel_relation&quot;:&quot;AND&quot;,&quot;multilevel_tax_data&quot;:&quot;[{\\&quot;name\\&quot;:\\&quot;category\\&quot;,\\&quot;label\\&quot;:\\&quot;\\&quot;,\\&quot;all\\&quot;:\\&quot;\\&quot;}]&quot;,&quot;filter_children_terms&quot;:&quot;on&quot;,&quot;use_custom_terms_filters&quot;:&quot;off&quot;,&quot;filter_taxonomies&quot;:&quot;category&quot;,&quot;filter_terms&quot;:&quot;&quot;,&quot;default_filter&quot;:&quot;All&quot;,&quot;filters_order&quot;:&quot;ASC&quot;,&quot;filters_sort&quot;:&quot;id&quot;,&quot;filters_custom&quot;:&quot;&quot;,&quot;hide_all&quot;:&quot;off&quot;,&quot;all_text&quot;:&quot;All&quot;,&quot;s_df&quot;:&quot;off&quot;,&quot;df_col&quot;:&quot;post_date&quot;,&quot;s_df_y&quot;:&quot;on&quot;,&quot;s_df_m&quot;:&quot;on&quot;,&quot;filter_layout&quot;:&quot;button&quot;,&quot;multifilter&quot;:&quot;off&quot;,&quot;multifilter_relation&quot;:&quot;OR&quot;,&quot;show_sort&quot;:&quot;off&quot;,&quot;ajax_filters&quot;:&quot;off&quot;,&quot;cache_on_page&quot;:&quot;off&quot;,&quot;show_pagination&quot;:&quot;on&quot;,&quot;pagination_type&quot;:&quot;paged&quot;,&quot;ajax_load_more_text&quot;:&quot;Load More&quot;,&quot;previous_icon&quot;:&quot;%%19%%&quot;,&quot;next_icon&quot;:&quot;%%20%%&quot;,&quot;previous_text&quot;:&quot;&quot;,&quot;next_text&quot;:&quot;&quot;,&quot;pagination_pages&quot;:&quot;2&quot;,&quot;items_layout&quot;:&quot;dp-dfg-layout-grid&quot;,&quot;thumb_width&quot;:&quot;33%&quot;,&quot;items_width&quot;:&quot;20%&quot;,&quot;items_skin&quot;:&quot;dp-dfg-skin-default&quot;,&quot;primary_view&quot;:&quot;[{\\&quot;name\\&quot;:\\&quot;thumbnail\\&quot;,\\&quot;show\\&quot;:\\&quot;on\\&quot;},{\\&quot;name\\&quot;:\\&quot;overlay\\&quot;,\\&quot;show\\&quot;:\\&quot;on\\&quot;},{\\&quot;name\\&quot;:\\&quot;title\\&quot;,\\&quot;show\\&quot;:\\&quot;off\\&quot;},{\\&quot;name\\&quot;:\\&quot;meta\\&quot;,\\&quot;show\\&quot;:\\&quot;off\\&quot;},{\\&quot;name\\&quot;:\\&quot;ext\\&quot;,\\&quot;show\\&quot;:\\&quot;off\\&quot;},{\\&quot;name\\&quot;:\\&quot;content\\&quot;,\\&quot;show\\&quot;:\\&quot;off\\&quot;},{\\&quot;name\\&quot;:\\&quot;action_button\\&quot;,\\&quot;show\\&quot;:\\&quot;off\\&quot;},{\\&quot;name\\&quot;:\\&quot;read_more_button\\&quot;,\\&quot;show\\&quot;:\\&quot;off\\&quot;},{\\&quot;name\\&quot;:\\&quot;custom_content\\&quot;,\\&quot;show\\&quot;:\\&quot;off\\&quot;}]&quot;,&quot;secondary_view&quot;:&quot;[{\\&quot;name\\&quot;:\\&quot;thumbnail\\&quot;,\\&quot;show\\&quot;:\\&quot;off\\&quot;},{\\&quot;name\\&quot;:\\&quot;title\\&quot;,\\&quot;show\\&quot;:\\&quot;on\\&quot;},{\\&quot;name\\&quot;:\\&quot;meta\\&quot;,\\&quot;show\\&quot;:\\&quot;on\\&quot;},{\\&quot;name\\&quot;:\\&quot;ext\\&quot;,\\&quot;show\\&quot;:\\&quot;on\\&quot;},{\\&quot;name\\&quot;:\\&quot;content\\&quot;,\\&quot;show\\&quot;:\\&quot;on\\&quot;},{\\&quot;name\\&quot;:\\&quot;action_button\\&quot;,\\&quot;show\\&quot;:\\&quot;on\\&quot;},{\\&quot;name\\&quot;:\\&quot;read_more_button\\&quot;,\\&quot;show\\&quot;:\\&quot;on\\&quot;},{\\&quot;name\\&quot;:\\&quot;custom_content\\&quot;,\\&quot;show\\&quot;:\\&quot;on\\&quot;}]&quot;,&quot;popup_template&quot;:&quot;default&quot;,&quot;popup_link_target&quot;:&quot;none&quot;,&quot;popup_code&quot;:&quot;&quot;,&quot;use_overlay_icon&quot;:&quot;off&quot;,&quot;hover_icon&quot;:&quot;%%200%%&quot;,&quot;overlay_icon_color&quot;:&quot;#2ea3f2&quot;,&quot;hover_overlay_color&quot;:&quot;rgba(255,255,255,0.9)&quot;,&quot;show_search&quot;:&quot;on&quot;,&quot;search_position&quot;:&quot;above&quot;,&quot;orderby_search&quot;:&quot;on&quot;,&quot;relevanssi&quot;:&quot;off&quot;,&quot;bg_items&quot;:&quot;&quot;,&quot;admin_label&quot;:&quot;&quot;,&quot;module_id&quot;:&quot;&quot;,&quot;module_class&quot;:&quot;&quot;,&quot;dpdfg_entry_title_level&quot;:&quot;h2&quot;,&quot;read_more_button_icon&quot;:&quot;&quot;,&quot;action_button_icon&quot;:&quot;&quot;,&quot;the_ID&quot;:0,&quot;the_author&quot;:5,&quot;seed&quot;:7122,&quot;query_context&quot;:&quot;initial_query&quot;,&quot;conditional_tags&quot;:{&quot;is_user_logged_in&quot;:&quot;off&quot;,&quot;is_front_page&quot;:&quot;off&quot;,&quot;is_singular&quot;:&quot;off&quot;,&quot;is_archive&quot;:&quot;off&quot;,&quot;is_search&quot;:&quot;off&quot;,&quot;is_tax&quot;:&quot;off&quot;,&quot;is_author&quot;:&quot;off&quot;,&quot;is_date&quot;:&quot;off&quot;,&quot;is_post_type&quot;:&quot;off&quot;},&quot;query_var&quot;:{&quot;s&quot;:&quot;&quot;,&quot;year&quot;:&quot;&quot;,&quot;monthnum&quot;:&quot;&quot;,&quot;day&quot;:&quot;&quot;,&quot;post_type&quot;:&quot;&quot;},&quot;custom_data&quot;:[]}\"><\/div><div class=\"dp-dfg-no-results-data\"><div class=\"dp-dfg-no-results\">No results found.<\/div><\/div><div class=\"dp-dfg-loader-data\"><\/div><\/div>\n\t\t\t\t<\/div>\n\t\t\t<\/div><\/p>\n","protected":false},"author":5,"featured_media":0,"parent":0,"menu_order":0,"comment_status":"closed","ping_status":"closed","template":"","meta":{"_et_pb_use_builder":"on","_et_pb_old_content":"Dies ist eine Beispiel-Seite. Sie unterscheidet sich von Beitr\u00e4gen, da sie stets an der selben Stelle bleibt und (bei den meisten Themes) in der Navigation angezeigt wird. Die meisten Leute starten mit einem Impressum, der Datenschutzerkl\u00e4rung oder einer \u201e\u00dcber uns\u201c-Seite mit einer Vorstellung f\u00fcr m\u00f6gliche Besucher der Website. Dort k\u00f6nnte zum Beispiel stehen:\r\n<blockquote>Hallo! Tags\u00fcber arbeite ich als Fahrradkurier, nachts bin ich ein aufstrebender Schauspieler und dies hier ist meine Website. Ich lebe in Berlin, habe einen gro\u00dfen Hund namens Jack, mag Pi\u00f1a Coladas, jedoch weniger (ohne Schirm) im Regen stehen gelassen zu werden.<\/blockquote>\r\n...oder sowas wie:\r\n<blockquote>Unsere Firma XYZ wurde 1971 gegr\u00fcndet und hat seither eine Menge hochqualitativen ABC f\u00fcr die \u00d6ffentlichkeit produziert. Ans\u00e4ssig in Gotham City, hat XYZ mittlerweile \u00fcber 2.000 Mitarbeiter und entwickelt immer wieder gro\u00dfartige Dinge f\u00fcr die ganze Gotham-Gemeinschaft.<\/blockquote>\r\nAls neuer WordPress-Benutzer solltest du das <a href=\"http:\/\/wordpressdev.mgm-tp.com\/referenzen\/wp-admin\/\">Dashboard<\/a> aufrufen, um diese Seite zu l\u00f6schen und statt dessen eine neue Seite mit deinen eigenen Inhalten erstellen. Viel Spa\u00df!","_et_gb_content_width":"","inline_featured_image":false,"footnotes":""},"class_list":["post-20424","page","type-page","status-publish","hentry"],"yoast_head":"<!-- This site is optimized with the Yoast SEO plugin v27.4 - https:\/\/yoast.com\/product\/yoast-seo-wordpress\/ -->\n<title>mgm: Public Sector<\/title>\n<meta name=\"robots\" content=\"index, follow, max-snippet:-1, max-image-preview:large, max-video-preview:-1\" \/>\n<link rel=\"canonical\" href=\"https:\/\/referenzen.mgm-tp.com\/en\/public-sector\/\" \/>\n<meta property=\"og:locale\" content=\"en_US\" \/>\n<meta property=\"og:type\" content=\"article\" \/>\n<meta property=\"og:title\" content=\"mgm: Public Sector\" \/>\n<meta property=\"og:description\" content=\"mgm technology partners | mgm consulting partners Public Sector References\" \/>\n<meta property=\"og:url\" content=\"https:\/\/referenzen.mgm-tp.com\/en\/public-sector\/\" \/>\n<meta property=\"og:site_name\" content=\"mgm Referenzen\" \/>\n<meta property=\"article:publisher\" content=\"https:\/\/de-de.facebook.com\/mgmTechnologyPartners\" \/>\n<meta property=\"article:modified_time\" content=\"2025-02-24T17:24:51+00:00\" \/>\n<meta name=\"twitter:card\" content=\"summary_large_image\" \/>\n<meta name=\"twitter:site\" content=\"@mgm_tp\" \/>\n<meta name=\"twitter:label1\" content=\"Est. reading time\" \/>\n\t<meta name=\"twitter:data1\" content=\"3 minutes\" \/>\n<script type=\"application\/ld+json\" class=\"yoast-schema-graph\">{\"@context\":\"https:\\\/\\\/schema.org\",\"@graph\":[{\"@type\":\"WebPage\",\"@id\":\"https:\\\/\\\/referenzen.mgm-tp.com\\\/en\\\/public-sector\\\/\",\"url\":\"https:\\\/\\\/referenzen.mgm-tp.com\\\/en\\\/public-sector\\\/\",\"name\":\"mgm: Public Sector\",\"isPartOf\":{\"@id\":\"https:\\\/\\\/referenzen.mgm-tp.com\\\/en\\\/#website\"},\"datePublished\":\"2019-02-15T15:30:36+00:00\",\"dateModified\":\"2025-02-24T17:24:51+00:00\",\"breadcrumb\":{\"@id\":\"https:\\\/\\\/referenzen.mgm-tp.com\\\/en\\\/public-sector\\\/#breadcrumb\"},\"inLanguage\":\"en-US\",\"potentialAction\":[{\"@type\":\"ReadAction\",\"target\":[\"https:\\\/\\\/referenzen.mgm-tp.com\\\/en\\\/public-sector\\\/\"]}]},{\"@type\":\"BreadcrumbList\",\"@id\":\"https:\\\/\\\/referenzen.mgm-tp.com\\\/en\\\/public-sector\\\/#breadcrumb\",\"itemListElement\":[{\"@type\":\"ListItem\",\"position\":1,\"name\":\"Home\",\"item\":\"https:\\\/\\\/referenzen.mgm-tp.com\\\/en\\\/\"},{\"@type\":\"ListItem\",\"position\":2,\"name\":\"Public Sector\"}]},{\"@type\":\"WebSite\",\"@id\":\"https:\\\/\\\/referenzen.mgm-tp.com\\\/en\\\/#website\",\"url\":\"https:\\\/\\\/referenzen.mgm-tp.com\\\/en\\\/\",\"name\":\"mgm technology partners | Referenzen\",\"description\":\"Referenzen\",\"potentialAction\":[{\"@type\":\"SearchAction\",\"target\":{\"@type\":\"EntryPoint\",\"urlTemplate\":\"https:\\\/\\\/referenzen.mgm-tp.com\\\/en\\\/?s={search_term_string}\"},\"query-input\":{\"@type\":\"PropertyValueSpecification\",\"valueRequired\":true,\"valueName\":\"search_term_string\"}}],\"inLanguage\":\"en-US\"}]}<\/script>\n<!-- \/ Yoast SEO plugin. -->","yoast_head_json":{"title":"mgm: Public Sector","robots":{"index":"index","follow":"follow","max-snippet":"max-snippet:-1","max-image-preview":"max-image-preview:large","max-video-preview":"max-video-preview:-1"},"canonical":"https:\/\/referenzen.mgm-tp.com\/en\/public-sector\/","og_locale":"en_US","og_type":"article","og_title":"mgm: Public Sector","og_description":"mgm technology partners | mgm consulting partners Public Sector References","og_url":"https:\/\/referenzen.mgm-tp.com\/en\/public-sector\/","og_site_name":"mgm Referenzen","article_publisher":"https:\/\/de-de.facebook.com\/mgmTechnologyPartners","article_modified_time":"2025-02-24T17:24:51+00:00","twitter_card":"summary_large_image","twitter_site":"@mgm_tp","twitter_misc":{"Est. reading time":"3 minutes"},"schema":{"@context":"https:\/\/schema.org","@graph":[{"@type":"WebPage","@id":"https:\/\/referenzen.mgm-tp.com\/en\/public-sector\/","url":"https:\/\/referenzen.mgm-tp.com\/en\/public-sector\/","name":"mgm: Public Sector","isPartOf":{"@id":"https:\/\/referenzen.mgm-tp.com\/en\/#website"},"datePublished":"2019-02-15T15:30:36+00:00","dateModified":"2025-02-24T17:24:51+00:00","breadcrumb":{"@id":"https:\/\/referenzen.mgm-tp.com\/en\/public-sector\/#breadcrumb"},"inLanguage":"en-US","potentialAction":[{"@type":"ReadAction","target":["https:\/\/referenzen.mgm-tp.com\/en\/public-sector\/"]}]},{"@type":"BreadcrumbList","@id":"https:\/\/referenzen.mgm-tp.com\/en\/public-sector\/#breadcrumb","itemListElement":[{"@type":"ListItem","position":1,"name":"Home","item":"https:\/\/referenzen.mgm-tp.com\/en\/"},{"@type":"ListItem","position":2,"name":"Public Sector"}]},{"@type":"WebSite","@id":"https:\/\/referenzen.mgm-tp.com\/en\/#website","url":"https:\/\/referenzen.mgm-tp.com\/en\/","name":"mgm technology partners | Referenzen","description":"Referenzen","potentialAction":[{"@type":"SearchAction","target":{"@type":"EntryPoint","urlTemplate":"https:\/\/referenzen.mgm-tp.com\/en\/?s={search_term_string}"},"query-input":{"@type":"PropertyValueSpecification","valueRequired":true,"valueName":"search_term_string"}}],"inLanguage":"en-US"}]}},"_links":{"self":[{"href":"https:\/\/referenzen.mgm-tp.com\/en\/wp-json\/wp\/v2\/pages\/20424","targetHints":{"allow":["GET"]}}],"collection":[{"href":"https:\/\/referenzen.mgm-tp.com\/en\/wp-json\/wp\/v2\/pages"}],"about":[{"href":"https:\/\/referenzen.mgm-tp.com\/en\/wp-json\/wp\/v2\/types\/page"}],"author":[{"embeddable":true,"href":"https:\/\/referenzen.mgm-tp.com\/en\/wp-json\/wp\/v2\/users\/5"}],"replies":[{"embeddable":true,"href":"https:\/\/referenzen.mgm-tp.com\/en\/wp-json\/wp\/v2\/comments?post=20424"}],"version-history":[{"count":4,"href":"https:\/\/referenzen.mgm-tp.com\/en\/wp-json\/wp\/v2\/pages\/20424\/revisions"}],"predecessor-version":[{"id":22541,"href":"https:\/\/referenzen.mgm-tp.com\/en\/wp-json\/wp\/v2\/pages\/20424\/revisions\/22541"}],"wp:attachment":[{"href":"https:\/\/referenzen.mgm-tp.com\/en\/wp-json\/wp\/v2\/media?parent=20424"}],"curies":[{"name":"wp","href":"https:\/\/api.w.org\/{rel}","templated":true}]}}